{"id":1609,"date":"2023-11-03T18:21:26","date_gmt":"2023-11-03T17:21:26","guid":{"rendered":"https:\/\/ilmaggiolino.commercefree.eu\/?post_type=product&#038;p=1609"},"modified":"2023-11-03T18:21:31","modified_gmt":"2023-11-03T17:21:31","slug":"candela","status":"publish","type":"product","link":"https:\/\/ilmaggiolino.commercefree.eu\/?product=candela","title":{"rendered":"Candela"},"content":{"rendered":"<p>Questa candela \u00e8 il tocco perfetto per creare un&#8217;atmosfera accogliente e misteriosa in ogni stanza.<\/p>\n<p>La candela Crystal New \u00e8 un&#8217;opera d&#8217;arte in vetro di alta qualit\u00e0, progettata per catturare la luce in modo unico. Con i suoi 8,5 cm di altezza, si adatta perfettamente a qualsiasi ambiente, dalla sala da pranzo alla camera da letto.<\/p>\n<p>Fragranze:<\/p>\n<p>Dark rum<\/p>\n<p>Rose<\/p>\n","protected":false},"excerpt":{"rendered":"<p>Questa candela \u00e8 il tocco perfetto per creare un&#8217;atmosfera accogliente e misteriosa in ogni stanza. La candela Crystal New \u00e8 un&#8217;opera d&#8217;arte in vetro di alta qualit\u00e0, progettata per catturare la luce in modo unico. Con i suoi 8,5 cm di altezza, si adatta perfettamente a qualsiasi ambiente, dalla sala da pranzo alla camera da [&hellip;]<\/p>\n","protected":false},"featured_media":1611,"comment_status":"open","ping_status":"closed","template":"","meta":[],"product_cat":[79],"product_tag":[],"_links":{"self":[{"href":"https:\/\/ilmaggiolino.commercefree.eu\/index.php?rest_route=\/wp\/v2\/product\/1609"}],"collection":[{"href":"https:\/\/ilmaggiolino.commercefree.eu\/index.php?rest_route=\/wp\/v2\/product"}],"about":[{"href":"https:\/\/ilmaggiolino.commercefree.eu\/index.php?rest_route=\/wp\/v2\/types\/product"}],"replies":[{"embeddable":true,"href":"https:\/\/ilmaggiolino.commercefree.eu\/index.php?rest_route=%2Fwp%2Fv2%2Fcomments&post=1609"}],"wp:featuredmedia":[{"embeddable":true,"href":"https:\/\/ilmaggiolino.commercefree.eu\/index.php?rest_route=\/wp\/v2\/media\/1611"}],"wp:attachment":[{"href":"https:\/\/ilmaggiolino.commercefree.eu\/index.php?rest_route=%2Fwp%2Fv2%2Fmedia&parent=1609"}],"wp:term":[{"taxonomy":"product_cat","embeddable":true,"href":"https:\/\/ilmaggiolino.commercefree.eu\/index.php?rest_route=%2Fwp%2Fv2%2Fproduct_cat&post=1609"},{"taxonomy":"product_tag","embeddable":true,"href":"https:\/\/ilmaggiolino.commercefree.eu\/index.php?rest_route=%2Fwp%2Fv2%2Fproduct_tag&post=1609"}],"curies":[{"name":"wp","href":"https:\/\/api.w.org\/{rel}","templated":true}]}}