{"id":1625,"date":"2023-11-03T18:48:23","date_gmt":"2023-11-03T17:48:23","guid":{"rendered":"https:\/\/ilmaggiolino.commercefree.eu\/?post_type=product&#038;p=1625"},"modified":"2023-11-04T16:21:56","modified_gmt":"2023-11-04T15:21:56","slug":"candele-wanderlust","status":"publish","type":"product","link":"https:\/\/ilmaggiolino.commercefree.eu\/?product=candele-wanderlust","title":{"rendered":"Candele Wanderlust"},"content":{"rendered":"<p>Immergiti in un viaggio sensoriale con la candela in barattolo Wanderlust di EDG Enzo De Gasperi.<\/p>\n<p>Questa candela \u00e8 la scelta perfetta per creare un&#8217;atmosfera calda e accogliente in ogni angolo della tua casa.<\/p>\n<p>La qualit\u00e0 superiore di questa candela \u00e8 evidente fin dal primo istante: realizzata artigianalmente con cera di alta qualit\u00e0, brucia in modo uniforme e rilascia una fragranza persistente e avvolgente. Il barattolo di vetro trasparente permette di ammirare la fiamma danzante, creando un&#8217;atmosfera magica e romantica<\/p>\n<p>Altezza 12,5<\/p>\n<p>Fragranze disponibili:<\/p>\n<p>MIAMI: cassis pomelo<\/p>\n<p>COPACABANA: clear air<\/p>\n<p>NEW YORK: tonka clove<\/p>\n<p>MARRAKESH: pure silk<\/p>\n<p>ASPEN: black forest<\/p>\n<p>KYOTO: lotus jasmine<\/p>\n<p>CHELSEA:rose garden<\/p>\n<p>PARIS: black vanilla<\/p>\n<p>MALDIVES: monoi<\/p>\n<p>POSITANO: lemon lavender<\/p>\n<p>BYRON BAY: soft cotton<\/p>\n<p>&nbsp;<\/p>\n<p>&nbsp;<\/p>\n","protected":false},"excerpt":{"rendered":"<p>Immergiti in un viaggio sensoriale con la candela in barattolo Wanderlust di EDG Enzo De Gasperi. Questa candela \u00e8 la scelta perfetta per creare un&#8217;atmosfera calda e accogliente in ogni angolo della tua casa. La qualit\u00e0 superiore di questa candela \u00e8 evidente fin dal primo istante: realizzata artigianalmente con cera di alta qualit\u00e0, brucia in [&hellip;]<\/p>\n","protected":false},"featured_media":1637,"comment_status":"open","ping_status":"closed","template":"","meta":[],"product_cat":[79],"product_tag":[],"_links":{"self":[{"href":"https:\/\/ilmaggiolino.commercefree.eu\/index.php?rest_route=\/wp\/v2\/product\/1625"}],"collection":[{"href":"https:\/\/ilmaggiolino.commercefree.eu\/index.php?rest_route=\/wp\/v2\/product"}],"about":[{"href":"https:\/\/ilmaggiolino.commercefree.eu\/index.php?rest_route=\/wp\/v2\/types\/product"}],"replies":[{"embeddable":true,"href":"https:\/\/ilmaggiolino.commercefree.eu\/index.php?rest_route=%2Fwp%2Fv2%2Fcomments&post=1625"}],"wp:featuredmedia":[{"embeddable":true,"href":"https:\/\/ilmaggiolino.commercefree.eu\/index.php?rest_route=\/wp\/v2\/media\/1637"}],"wp:attachment":[{"href":"https:\/\/ilmaggiolino.commercefree.eu\/index.php?rest_route=%2Fwp%2Fv2%2Fmedia&parent=1625"}],"wp:term":[{"taxonomy":"product_cat","embeddable":true,"href":"https:\/\/ilmaggiolino.commercefree.eu\/index.php?rest_route=%2Fwp%2Fv2%2Fproduct_cat&post=1625"},{"taxonomy":"product_tag","embeddable":true,"href":"https:\/\/ilmaggiolino.commercefree.eu\/index.php?rest_route=%2Fwp%2Fv2%2Fproduct_tag&post=1625"}],"curies":[{"name":"wp","href":"https:\/\/api.w.org\/{rel}","templated":true}]}}