{"id":1650,"date":"2023-11-09T16:18:57","date_gmt":"2023-11-09T15:18:57","guid":{"rendered":"https:\/\/ilmaggiolino.commercefree.eu\/?post_type=product&#038;p=1650"},"modified":"2023-11-09T16:26:51","modified_gmt":"2023-11-09T15:26:51","slug":"profumatore-100ml","status":"publish","type":"product","link":"https:\/\/ilmaggiolino.commercefree.eu\/?product=profumatore-100ml","title":{"rendered":"Profumatore 100ml"},"content":{"rendered":"<p>Elegante Profumatore per Ambienti dell&#8217;azienda Enzo De Gasperi, ottimo per decorare la tua casa e rendere pi\u00f9 piacevole ogni ambiente.<\/p>\n<p>L&#8217;elegante profumatore da 500 ml. \u00e8 realizzato in vetro.<\/p>\n<p>Nella confezione sono compresi 8 bastoncini.<\/p>\n<p>Il profumatore per Ambienti \u00e8 contenuto all&#8217;interno di un&#8217; elegante scatola di cartone che consente di essere utilizzato come piacevole Articolo da Regalo.<\/p>\n<p>&nbsp;<\/p>\n","protected":false},"excerpt":{"rendered":"<p>Elegante Profumatore per Ambienti dell&#8217;azienda Enzo De Gasperi, ottimo per decorare la tua casa e rendere pi\u00f9 piacevole ogni ambiente. L&#8217;elegante profumatore da 500 ml. \u00e8 realizzato in vetro. Nella confezione sono compresi 8 bastoncini. Il profumatore per Ambienti \u00e8 contenuto all&#8217;interno di un&#8217; elegante scatola di cartone che consente di essere utilizzato come piacevole [&hellip;]<\/p>\n","protected":false},"featured_media":1652,"comment_status":"open","ping_status":"closed","template":"","meta":[],"product_cat":[79],"product_tag":[],"_links":{"self":[{"href":"https:\/\/ilmaggiolino.commercefree.eu\/index.php?rest_route=\/wp\/v2\/product\/1650"}],"collection":[{"href":"https:\/\/ilmaggiolino.commercefree.eu\/index.php?rest_route=\/wp\/v2\/product"}],"about":[{"href":"https:\/\/ilmaggiolino.commercefree.eu\/index.php?rest_route=\/wp\/v2\/types\/product"}],"replies":[{"embeddable":true,"href":"https:\/\/ilmaggiolino.commercefree.eu\/index.php?rest_route=%2Fwp%2Fv2%2Fcomments&post=1650"}],"wp:featuredmedia":[{"embeddable":true,"href":"https:\/\/ilmaggiolino.commercefree.eu\/index.php?rest_route=\/wp\/v2\/media\/1652"}],"wp:attachment":[{"href":"https:\/\/ilmaggiolino.commercefree.eu\/index.php?rest_route=%2Fwp%2Fv2%2Fmedia&parent=1650"}],"wp:term":[{"taxonomy":"product_cat","embeddable":true,"href":"https:\/\/ilmaggiolino.commercefree.eu\/index.php?rest_route=%2Fwp%2Fv2%2Fproduct_cat&post=1650"},{"taxonomy":"product_tag","embeddable":true,"href":"https:\/\/ilmaggiolino.commercefree.eu\/index.php?rest_route=%2Fwp%2Fv2%2Fproduct_tag&post=1650"}],"curies":[{"name":"wp","href":"https:\/\/api.w.org\/{rel}","templated":true}]}}