{"id":667,"date":"2023-05-24T15:46:32","date_gmt":"2023-05-24T13:46:32","guid":{"rendered":"https:\/\/ilmaggiolino.commercefree.eu\/?post_type=product&#038;p=667"},"modified":"2024-02-07T15:30:58","modified_gmt":"2024-02-07T14:30:58","slug":"eisalt","status":"publish","type":"product","link":"https:\/\/ilmaggiolino.commercefree.eu\/?product=eisalt","title":{"rendered":"Sterilizzatore EiSalt"},"content":{"rendered":"<p>Sterilizzatore a sale expert : elettrodo a lunga durata, adatto per tutte le installazioni, facile da installare.<\/p>\n<p>Uno degli sterilizzatori pi\u00f9 duraturi della sua categoria grazie al suo elettrodo in titanio di alta qualit\u00e0 (fino a 8000 ore).<\/p>\n<p>Con il suo design compatto, EiSalt pu\u00f2 essere installato ovunque, in spazi ristretti e anche in ambienti umidi.<\/p>\n<p>EiSalt \u00e8 stato sviluppato per facilitare la routine giornaliera dei proprietari con funzioni di sicurezza come il sensore di gas, che si arresta in mancanza di flusso, e un allarme sale che indica la mancanza di sale nella piscina.<\/p>\n<p>EiSalt 12 volume d&#8217;acqua trattato 50m<b><sup>3\u00a0<\/sup><\/b><\/p>\n<p>EiSalt\u00a0 21 volume d&#8217;acqua trattato 90 m<b><sup>3<\/sup><\/b><\/p>\n<p>EiSalt\u00a0 30 volume d&#8217;acqua trattato 140m<b><sup>3<\/sup><\/b><\/p>\n<p>&nbsp;<\/p>\n","protected":false},"excerpt":{"rendered":"<p>Sterilizzatore a sale expert : elettrodo a lunga durata, adatto per tutte le installazioni, facile da installare. Uno degli sterilizzatori pi\u00f9 duraturi della sua categoria grazie al suo elettrodo in titanio di alta qualit\u00e0 (fino a 8000 ore). Con il suo design compatto, EiSalt pu\u00f2 essere installato ovunque, in spazi ristretti e anche in ambienti [&hellip;]<\/p>\n","protected":false},"featured_media":677,"comment_status":"open","ping_status":"closed","template":"","meta":[],"product_cat":[43],"product_tag":[],"_links":{"self":[{"href":"https:\/\/ilmaggiolino.commercefree.eu\/index.php?rest_route=\/wp\/v2\/product\/667"}],"collection":[{"href":"https:\/\/ilmaggiolino.commercefree.eu\/index.php?rest_route=\/wp\/v2\/product"}],"about":[{"href":"https:\/\/ilmaggiolino.commercefree.eu\/index.php?rest_route=\/wp\/v2\/types\/product"}],"replies":[{"embeddable":true,"href":"https:\/\/ilmaggiolino.commercefree.eu\/index.php?rest_route=%2Fwp%2Fv2%2Fcomments&post=667"}],"wp:featuredmedia":[{"embeddable":true,"href":"https:\/\/ilmaggiolino.commercefree.eu\/index.php?rest_route=\/wp\/v2\/media\/677"}],"wp:attachment":[{"href":"https:\/\/ilmaggiolino.commercefree.eu\/index.php?rest_route=%2Fwp%2Fv2%2Fmedia&parent=667"}],"wp:term":[{"taxonomy":"product_cat","embeddable":true,"href":"https:\/\/ilmaggiolino.commercefree.eu\/index.php?rest_route=%2Fwp%2Fv2%2Fproduct_cat&post=667"},{"taxonomy":"product_tag","embeddable":true,"href":"https:\/\/ilmaggiolino.commercefree.eu\/index.php?rest_route=%2Fwp%2Fv2%2Fproduct_tag&post=667"}],"curies":[{"name":"wp","href":"https:\/\/api.w.org\/{rel}","templated":true}]}}