{"id":672,"date":"2023-05-24T16:01:35","date_gmt":"2023-05-24T14:01:35","guid":{"rendered":"https:\/\/ilmaggiolino.commercefree.eu\/?post_type=product&#038;p=672"},"modified":"2024-02-07T15:32:48","modified_gmt":"2024-02-07T14:32:48","slug":"eisalt%c2%b2","status":"publish","type":"product","link":"https:\/\/ilmaggiolino.commercefree.eu\/?product=eisalt%c2%b2","title":{"rendered":"Sterilizzatore Ei\u00b2"},"content":{"rendered":"<p>Sterilizzatore a sale expert, elettrodo a lunga durata,adatto a tutte le installazioni.<\/p>\n<p>Trattamento autonomo della piscina facile da installare senza l&#8217;aiuto del tecnico.<\/p>\n<p>Ei\u00b2 12 volume d&#8217;acqua trattato 50m<b><sup>3\u00a0<\/sup><\/b><\/p>\n<p>Ei\u00b2 20 volume d&#8217;acqua trattato 90 m<b><sup>3<\/sup><\/b><\/p>\n<p>Ei\u00b2 25 volume d&#8217;acqua trattato 110m<b><sup>3<\/sup><\/b><\/p>\n<p>Come funziona: attraverso l&#8217;elettrolisi garantita dalla cellula, la dose ridotta di sale aggiunta all&#8217;acqua della piscina viene trasformata in cloro gassoso.<\/p>\n<p>Questo disinfettante si scioglie nell&#8217;acqua assicurando una produzione sufficiente di cloro libero nella vasca.<\/p>\n<p>Il cloro attivo viene costantemente rinnovato dalla cellula senza richiedere alcun intervento.<\/p>\n<p>Il sistema di fissaggio rapido della cellula Ei \u00e8 un&#8217;innovazione esclusiva di Zodiac. Facile da installare, il sistema Quick Fix \u00e8 alla portata di tutti per un&#8217;installazione rapida in meno di 10 minuti, senza interventi idraulici. Il sistema di trattamento dell&#8217;acqua<\/p>\n<p>Ei pu\u00f2 essere installato L&#8217;utilizzo di un elettrodo in titanio con trattamento superficiale a lunga durata garantisce la longevit\u00e0 di questo prodotto.<\/p>\n<p>Grazie al sistema di inversione di polarit\u00e0 degli elettrodi (2,5 o 5h), la cellula \u00e8 autopulente e offre una durata ancor pi\u00f9 elevata sia in fase di costruzione sia in piscine gi\u00e0 esistenti e si adatta a tutti i tipi di piscine e di rivestimenti.<\/p>\n","protected":false},"excerpt":{"rendered":"<p>Sterilizzatore a sale expert, elettrodo a lunga durata,adatto a tutte le installazioni. Trattamento autonomo della piscina facile da installare senza l&#8217;aiuto del tecnico. Ei\u00b2 12 volume d&#8217;acqua trattato 50m3\u00a0 Ei\u00b2 20 volume d&#8217;acqua trattato 90 m3 Ei\u00b2 25 volume d&#8217;acqua trattato 110m3 Come funziona: attraverso l&#8217;elettrolisi garantita dalla cellula, la dose ridotta di sale aggiunta [&hellip;]<\/p>\n","protected":false},"featured_media":676,"comment_status":"open","ping_status":"closed","template":"","meta":[],"product_cat":[43],"product_tag":[],"_links":{"self":[{"href":"https:\/\/ilmaggiolino.commercefree.eu\/index.php?rest_route=\/wp\/v2\/product\/672"}],"collection":[{"href":"https:\/\/ilmaggiolino.commercefree.eu\/index.php?rest_route=\/wp\/v2\/product"}],"about":[{"href":"https:\/\/ilmaggiolino.commercefree.eu\/index.php?rest_route=\/wp\/v2\/types\/product"}],"replies":[{"embeddable":true,"href":"https:\/\/ilmaggiolino.commercefree.eu\/index.php?rest_route=%2Fwp%2Fv2%2Fcomments&post=672"}],"wp:featuredmedia":[{"embeddable":true,"href":"https:\/\/ilmaggiolino.commercefree.eu\/index.php?rest_route=\/wp\/v2\/media\/676"}],"wp:attachment":[{"href":"https:\/\/ilmaggiolino.commercefree.eu\/index.php?rest_route=%2Fwp%2Fv2%2Fmedia&parent=672"}],"wp:term":[{"taxonomy":"product_cat","embeddable":true,"href":"https:\/\/ilmaggiolino.commercefree.eu\/index.php?rest_route=%2Fwp%2Fv2%2Fproduct_cat&post=672"},{"taxonomy":"product_tag","embeddable":true,"href":"https:\/\/ilmaggiolino.commercefree.eu\/index.php?rest_route=%2Fwp%2Fv2%2Fproduct_tag&post=672"}],"curies":[{"name":"wp","href":"https:\/\/api.w.org\/{rel}","templated":true}]}}