{"id":679,"date":"2023-05-24T16:11:17","date_gmt":"2023-05-24T14:11:17","guid":{"rendered":"https:\/\/ilmaggiolino.commercefree.eu\/?post_type=product&#038;p=679"},"modified":"2024-02-07T15:34:20","modified_gmt":"2024-02-07T14:34:20","slug":"ph-expert","status":"publish","type":"product","link":"https:\/\/ilmaggiolino.commercefree.eu\/?product=ph-expert","title":{"rendered":"pH expert"},"content":{"rendered":"<p>In una piscina il giusto equilibrio \u00e8 dato essenzialmente dal valore del pH dell&#8217;acqua. \u00e8 quindi indispensabile avere un valore di pH corretto e stabile affinch\u00e9 il prodotto ossidante (vale a dire il cloro) utilizzato nella piscina risulti efficace.<\/p>\n<p>La giusta regolazione del pH consente di risparmiare prodotto chimico e di evitare numerosi fastidi quali irritazione degli occhi, sviluppo di alghe e corrosione dei rivestimenti.<\/p>\n<p>Il regolatore di pH per piscina pH Expert misura continuamente il pH dell\u2019acqua e, se necessario, aggiusta il dosaggio del correttore di pH in maniera del tutto automatica, senza nessuna regolazione.<\/p>\n<p>Il regolatore di pH per piscina PH Expert inietta la giusta quantit\u00e0 del correttore del pH grazie alla sua tecnologia unica di dosaggio adattivo, per un perfetto equilibrio dell\u2019acqua, con l\u2019utilizzo minimo di prodotto.<\/p>\n<p>Il tempo di dosaggio \u00e8 adattato in funzione dello scarto tra il pH della piscina e il pH ideale.<\/p>\n<p>Con il suo sistema di sicurezza esclusivo, il regolatore di pH per piscina pH Expert previene ogni rischio di sovradosaggio del correttore di pH per un equilibrio dell\u2019acqua ottimale.<\/p>\n<p>Grazie al suo speciale sistema di aspirazione, il dosaggio del prodotto correttore del pH \u00e8 perfettamente sicuro.<\/p>\n<p>&nbsp;<\/p>\n<p>&nbsp;<\/p>\n","protected":false},"excerpt":{"rendered":"<p>In una piscina il giusto equilibrio \u00e8 dato essenzialmente dal valore del pH dell&#8217;acqua. \u00e8 quindi indispensabile avere un valore di pH corretto e stabile affinch\u00e9 il prodotto ossidante (vale a dire il cloro) utilizzato nella piscina risulti efficace. La giusta regolazione del pH consente di risparmiare prodotto chimico e di evitare numerosi fastidi quali [&hellip;]<\/p>\n","protected":false},"featured_media":680,"comment_status":"open","ping_status":"closed","template":"","meta":[],"product_cat":[43],"product_tag":[],"_links":{"self":[{"href":"https:\/\/ilmaggiolino.commercefree.eu\/index.php?rest_route=\/wp\/v2\/product\/679"}],"collection":[{"href":"https:\/\/ilmaggiolino.commercefree.eu\/index.php?rest_route=\/wp\/v2\/product"}],"about":[{"href":"https:\/\/ilmaggiolino.commercefree.eu\/index.php?rest_route=\/wp\/v2\/types\/product"}],"replies":[{"embeddable":true,"href":"https:\/\/ilmaggiolino.commercefree.eu\/index.php?rest_route=%2Fwp%2Fv2%2Fcomments&post=679"}],"wp:featuredmedia":[{"embeddable":true,"href":"https:\/\/ilmaggiolino.commercefree.eu\/index.php?rest_route=\/wp\/v2\/media\/680"}],"wp:attachment":[{"href":"https:\/\/ilmaggiolino.commercefree.eu\/index.php?rest_route=%2Fwp%2Fv2%2Fmedia&parent=679"}],"wp:term":[{"taxonomy":"product_cat","embeddable":true,"href":"https:\/\/ilmaggiolino.commercefree.eu\/index.php?rest_route=%2Fwp%2Fv2%2Fproduct_cat&post=679"},{"taxonomy":"product_tag","embeddable":true,"href":"https:\/\/ilmaggiolino.commercefree.eu\/index.php?rest_route=%2Fwp%2Fv2%2Fproduct_tag&post=679"}],"curies":[{"name":"wp","href":"https:\/\/api.w.org\/{rel}","templated":true}]}}