{"id":784,"date":"2023-06-10T11:33:47","date_gmt":"2023-06-10T09:33:47","guid":{"rendered":"https:\/\/ilmaggiolino.commercefree.eu\/?post_type=product&#038;p=784"},"modified":"2023-06-29T17:51:21","modified_gmt":"2023-06-29T15:51:21","slug":"parure-copripiumino-rothko","status":"publish","type":"product","link":"https:\/\/ilmaggiolino.commercefree.eu\/?product=parure-copripiumino-rothko","title":{"rendered":"Parure copripiumino Rothko"},"content":{"rendered":"<p>Preziosa stampa digitale. Raso 300TC di puro cotone. La faccia superiore delle federe \u00e8 in raso 300TC di puro cotone stampato in digitale, l&#8217;altra faccia delle federe, il lenzuolo ed il lenzuolo sotto con angoli sono in percalle di puro cotone tinta unita. Il lenzuolo \u00e8 arricchito da importante balza formata da bordi a contrasto applicati a mano.<\/p>\n<p><strong>Dimensioni:<\/strong><br \/>\n&#8211; 2 piazze:<br \/>\n&#8211; Sopra 260&#215;295 cm<br \/>\n&#8211; Sotto 180x200x30 cm<br \/>\n&#8211; 2 federe 52&#215;82 cm<\/p>\n<p>Il completo lenzuola ROTHKO \u00e8 realizzato in raso 300 TC di puro cotone con preziosa stampa digitale. Inseguendo l&#8217;espressionismo astratto caratterizzante le opere del pittore propone una accattivante texture geometrica multicolor che dona forza all&#8217;arredamento pi\u00f9 essenziale. Il completo \u00e8 composto da lenzuolo in tinta unita arricchito da importante balza formata da bordi a contrasto applicati a mano. Le federe a sacchetto con parte superiore in raso stampato. Il sotto con angoli \u00e8 in tinta unita comprensivo di elastico sull&#8217;intero lato testa e lato piedi, che offre versatilit\u00e0 anche su misure di materasso pi\u00f9 piccole.<\/p>\n<p>&nbsp;<\/p>\n","protected":false},"excerpt":{"rendered":"<p>Preziosa stampa digitale. Raso 300TC di puro cotone. La faccia superiore delle federe \u00e8 in raso 300TC di puro cotone stampato in digitale, l&#8217;altra faccia delle federe, il lenzuolo ed il lenzuolo sotto con angoli sono in percalle di puro cotone tinta unita. Il lenzuolo \u00e8 arricchito da importante balza formata da bordi a contrasto [&hellip;]<\/p>\n","protected":false},"featured_media":785,"comment_status":"open","ping_status":"closed","template":"","meta":[],"product_cat":[58],"product_tag":[],"_links":{"self":[{"href":"https:\/\/ilmaggiolino.commercefree.eu\/index.php?rest_route=\/wp\/v2\/product\/784"}],"collection":[{"href":"https:\/\/ilmaggiolino.commercefree.eu\/index.php?rest_route=\/wp\/v2\/product"}],"about":[{"href":"https:\/\/ilmaggiolino.commercefree.eu\/index.php?rest_route=\/wp\/v2\/types\/product"}],"replies":[{"embeddable":true,"href":"https:\/\/ilmaggiolino.commercefree.eu\/index.php?rest_route=%2Fwp%2Fv2%2Fcomments&post=784"}],"wp:featuredmedia":[{"embeddable":true,"href":"https:\/\/ilmaggiolino.commercefree.eu\/index.php?rest_route=\/wp\/v2\/media\/785"}],"wp:attachment":[{"href":"https:\/\/ilmaggiolino.commercefree.eu\/index.php?rest_route=%2Fwp%2Fv2%2Fmedia&parent=784"}],"wp:term":[{"taxonomy":"product_cat","embeddable":true,"href":"https:\/\/ilmaggiolino.commercefree.eu\/index.php?rest_route=%2Fwp%2Fv2%2Fproduct_cat&post=784"},{"taxonomy":"product_tag","embeddable":true,"href":"https:\/\/ilmaggiolino.commercefree.eu\/index.php?rest_route=%2Fwp%2Fv2%2Fproduct_tag&post=784"}],"curies":[{"name":"wp","href":"https:\/\/api.w.org\/{rel}","templated":true}]}}