{"id":793,"date":"2023-06-10T11:46:12","date_gmt":"2023-06-10T09:46:12","guid":{"rendered":"https:\/\/ilmaggiolino.commercefree.eu\/?post_type=product&#038;p=793"},"modified":"2023-06-10T11:46:12","modified_gmt":"2023-06-10T09:46:12","slug":"completo-letto-monet","status":"publish","type":"product","link":"https:\/\/ilmaggiolino.commercefree.eu\/?product=completo-letto-monet","title":{"rendered":"Completo letto Monet"},"content":{"rendered":"<p>Preziosa stampa digitale. Percalle di puro cotone. Il completo gioca sull&#8217;abbinamento della stessa stampa con e senza fondo. Le federe completamente reversibili e dotate di doppia patella sono in percalle di puro cotone stampato in digitale. Il lenzuolo \u00e8 arricchito da importante balza formata da bordi applicati a mano. Il resto del completo \u00e8 in percalle tinta unita.<\/p>\n<p><strong>Dimensioni:<\/strong><br \/>\n2 piazze:<br \/>\n&#8211; Sopra 260x295cm<br \/>\n&#8211; Sotto 180x200x30 cm<br \/>\n&#8211; Federe 52&#215;82<\/p>\n<p>La poesia del giardino di Giverny che ha ispirato le pi\u00f9 famose opere di MONET \u00e8 catturata nella collezione che porta il nome del pittore impressionista. Un macro disegno floreale prende forma in un effetto acquarellato regalando freschezza alla camera da letto. Le pennellate di colore degradano fino a diventare quasi impercettibili, mescolando con estrema grazia le tonalit\u00e0 di stagione. Il disegno prende luce e tridimensionalit\u00e0 su una base bianca per poi celarsi in maniera quasi seducente quando \u00e8 abbinato a un fondo grigio perla, appena mosso.<\/p>\n<p>&nbsp;<\/p>\n","protected":false},"excerpt":{"rendered":"<p>Preziosa stampa digitale. Percalle di puro cotone. Il completo gioca sull&#8217;abbinamento della stessa stampa con e senza fondo. Le federe completamente reversibili e dotate di doppia patella sono in percalle di puro cotone stampato in digitale. Il lenzuolo \u00e8 arricchito da importante balza formata da bordi applicati a mano. Il resto del completo \u00e8 in [&hellip;]<\/p>\n","protected":false},"featured_media":794,"comment_status":"open","ping_status":"closed","template":"","meta":[],"product_cat":[58],"product_tag":[],"_links":{"self":[{"href":"https:\/\/ilmaggiolino.commercefree.eu\/index.php?rest_route=\/wp\/v2\/product\/793"}],"collection":[{"href":"https:\/\/ilmaggiolino.commercefree.eu\/index.php?rest_route=\/wp\/v2\/product"}],"about":[{"href":"https:\/\/ilmaggiolino.commercefree.eu\/index.php?rest_route=\/wp\/v2\/types\/product"}],"replies":[{"embeddable":true,"href":"https:\/\/ilmaggiolino.commercefree.eu\/index.php?rest_route=%2Fwp%2Fv2%2Fcomments&post=793"}],"wp:featuredmedia":[{"embeddable":true,"href":"https:\/\/ilmaggiolino.commercefree.eu\/index.php?rest_route=\/wp\/v2\/media\/794"}],"wp:attachment":[{"href":"https:\/\/ilmaggiolino.commercefree.eu\/index.php?rest_route=%2Fwp%2Fv2%2Fmedia&parent=793"}],"wp:term":[{"taxonomy":"product_cat","embeddable":true,"href":"https:\/\/ilmaggiolino.commercefree.eu\/index.php?rest_route=%2Fwp%2Fv2%2Fproduct_cat&post=793"},{"taxonomy":"product_tag","embeddable":true,"href":"https:\/\/ilmaggiolino.commercefree.eu\/index.php?rest_route=%2Fwp%2Fv2%2Fproduct_tag&post=793"}],"curies":[{"name":"wp","href":"https:\/\/api.w.org\/{rel}","templated":true}]}}