{"id":855,"date":"2023-06-24T09:25:00","date_gmt":"2023-06-24T07:25:00","guid":{"rendered":"https:\/\/ilmaggiolino.commercefree.eu\/?post_type=product&#038;p=855"},"modified":"2023-06-24T10:01:02","modified_gmt":"2023-06-24T08:01:02","slug":"completo-letto-ever-barcellona","status":"publish","type":"product","link":"https:\/\/ilmaggiolino.commercefree.eu\/?product=completo-letto-ever-barcellona","title":{"rendered":"Completo letto matrimoniale Ever Barcellona"},"content":{"rendered":"<p>Un modello eclettico, elegante e adatto ad ogni situazione: una costruzione fatta di doppi bordi applicati in innovative combinazioni di colore per incontrare i gusti, dai pi\u00f9 classici ai pi\u00f9 casuals.<\/p>\n<p>Il completo letto in percalle di cotone \u00e8 composto da un lenzuolo con due bordi di colori e dimensioni differenti applicati alla testa, due federe con il medesimo motivo del lenzuolo applicato a cornice su tre lati e un sotto con angoli nel colore principale della combinazione.<\/p>\n<p>Misure: sopra 250&#215;300, sotto con angoli 175&#215;200 + 30, 2 federe 52&#215;80.<\/p>\n<p>&nbsp;<\/p>\n","protected":false},"excerpt":{"rendered":"<p>Un modello eclettico, elegante e adatto ad ogni situazione: una costruzione fatta di doppi bordi applicati in innovative combinazioni di colore per incontrare i gusti, dai pi\u00f9 classici ai pi\u00f9 casuals. Il completo letto in percalle di cotone \u00e8 composto da un lenzuolo con due bordi di colori e dimensioni differenti applicati alla testa, due [&hellip;]<\/p>\n","protected":false},"featured_media":856,"comment_status":"open","ping_status":"closed","template":"","meta":[],"product_cat":[62],"product_tag":[],"_links":{"self":[{"href":"https:\/\/ilmaggiolino.commercefree.eu\/index.php?rest_route=\/wp\/v2\/product\/855"}],"collection":[{"href":"https:\/\/ilmaggiolino.commercefree.eu\/index.php?rest_route=\/wp\/v2\/product"}],"about":[{"href":"https:\/\/ilmaggiolino.commercefree.eu\/index.php?rest_route=\/wp\/v2\/types\/product"}],"replies":[{"embeddable":true,"href":"https:\/\/ilmaggiolino.commercefree.eu\/index.php?rest_route=%2Fwp%2Fv2%2Fcomments&post=855"}],"wp:featuredmedia":[{"embeddable":true,"href":"https:\/\/ilmaggiolino.commercefree.eu\/index.php?rest_route=\/wp\/v2\/media\/856"}],"wp:attachment":[{"href":"https:\/\/ilmaggiolino.commercefree.eu\/index.php?rest_route=%2Fwp%2Fv2%2Fmedia&parent=855"}],"wp:term":[{"taxonomy":"product_cat","embeddable":true,"href":"https:\/\/ilmaggiolino.commercefree.eu\/index.php?rest_route=%2Fwp%2Fv2%2Fproduct_cat&post=855"},{"taxonomy":"product_tag","embeddable":true,"href":"https:\/\/ilmaggiolino.commercefree.eu\/index.php?rest_route=%2Fwp%2Fv2%2Fproduct_tag&post=855"}],"curies":[{"name":"wp","href":"https:\/\/api.w.org\/{rel}","templated":true}]}}