{"id":914,"date":"2023-06-24T16:24:04","date_gmt":"2023-06-24T14:24:04","guid":{"rendered":"https:\/\/ilmaggiolino.commercefree.eu\/?post_type=product&#038;p=914"},"modified":"2023-06-28T15:58:20","modified_gmt":"2023-06-28T13:58:20","slug":"parure-copripiumino-matrimoniale-bossi","status":"publish","type":"product","link":"https:\/\/ilmaggiolino.commercefree.eu\/?product=parure-copripiumino-matrimoniale-bossi","title":{"rendered":"Parure copripiumino matrimoniale Bossi"},"content":{"rendered":"<p>Bossi veste il tuo letto con colori contemporanei, mescola piccole righe a grandi quadri, tesse sapientemente geometrie rigorose, ravvivando una storia\u00a0totalmente\u00a0italiana\u00a0di\u00a0tradizione\u00a0e\u00a0creativit\u00e0.<\/p>\n<p>Il tratto caratteristico dei tessuti Bossi \u00e8 dato dalla tintura del filato. Ci\u00f2 significa che i motivi sono ottenuti grazie alla tessitura di filati tinti, anzich\u00e9 dalla stampa su un tessuto greggio. In questo modo i colori sono pi\u00f9 intensi, penetrano pi\u00f9 a fondo e durano pi\u00f9 a lungo, anche dopo anni di lavaggi. Inoltre i disegni sono pi\u00f9 nitidi e identici su entrambe le facce del tessuto.<\/p>\n<p>Misure: sacco 255&#215;200, 2 federe 52&#215;83<\/p>\n<p>&nbsp;<\/p>\n","protected":false},"excerpt":{"rendered":"<p>Bossi veste il tuo letto con colori contemporanei, mescola piccole righe a grandi quadri, tesse sapientemente geometrie rigorose, ravvivando una storia\u00a0totalmente\u00a0italiana\u00a0di\u00a0tradizione\u00a0e\u00a0creativit\u00e0. Il tratto caratteristico dei tessuti Bossi \u00e8 dato dalla tintura del filato. Ci\u00f2 significa che i motivi sono ottenuti grazie alla tessitura di filati tinti, anzich\u00e9 dalla stampa su un tessuto greggio. In questo [&hellip;]<\/p>\n","protected":false},"featured_media":915,"comment_status":"open","ping_status":"closed","template":"","meta":[],"product_cat":[67],"product_tag":[],"_links":{"self":[{"href":"https:\/\/ilmaggiolino.commercefree.eu\/index.php?rest_route=\/wp\/v2\/product\/914"}],"collection":[{"href":"https:\/\/ilmaggiolino.commercefree.eu\/index.php?rest_route=\/wp\/v2\/product"}],"about":[{"href":"https:\/\/ilmaggiolino.commercefree.eu\/index.php?rest_route=\/wp\/v2\/types\/product"}],"replies":[{"embeddable":true,"href":"https:\/\/ilmaggiolino.commercefree.eu\/index.php?rest_route=%2Fwp%2Fv2%2Fcomments&post=914"}],"wp:featuredmedia":[{"embeddable":true,"href":"https:\/\/ilmaggiolino.commercefree.eu\/index.php?rest_route=\/wp\/v2\/media\/915"}],"wp:attachment":[{"href":"https:\/\/ilmaggiolino.commercefree.eu\/index.php?rest_route=%2Fwp%2Fv2%2Fmedia&parent=914"}],"wp:term":[{"taxonomy":"product_cat","embeddable":true,"href":"https:\/\/ilmaggiolino.commercefree.eu\/index.php?rest_route=%2Fwp%2Fv2%2Fproduct_cat&post=914"},{"taxonomy":"product_tag","embeddable":true,"href":"https:\/\/ilmaggiolino.commercefree.eu\/index.php?rest_route=%2Fwp%2Fv2%2Fproduct_tag&post=914"}],"curies":[{"name":"wp","href":"https:\/\/api.w.org\/{rel}","templated":true}]}}