{"id":918,"date":"2023-06-24T16:29:55","date_gmt":"2023-06-24T14:29:55","guid":{"rendered":"https:\/\/ilmaggiolino.commercefree.eu\/?post_type=product&#038;p=918"},"modified":"2023-06-27T18:00:10","modified_gmt":"2023-06-27T16:00:10","slug":"parure-copripiumino-matrimoniale-boston","status":"publish","type":"product","link":"https:\/\/ilmaggiolino.commercefree.eu\/?product=parure-copripiumino-matrimoniale-boston","title":{"rendered":"Parure copripiumino Boston"},"content":{"rendered":"<p>La Parure Copripiumino Boston \u00e8 realizzata in Puro Cotone naturale. Dal tocco fresco e morbido, la parure \u00e8 caratterizzata da una stampa tartan da un lato del sacco, l&#8217;altro lato presenta una stampa a quadri. Le federe anch&#8217;esse riprendono alla perfezione la particolarit\u00e0 del copripiumino presentando due fantasie diverse cos\u00ec da creare un&#8217;atmosfera pi\u00f9 chic e particolare.<\/p>\n<p>La collezione Boston omaggia la classicit\u00e0 del disegno tartan. Un Elegante e raffinata palette caratterizza la stampa esaltandone la classicit\u00e0 e la bellezza senza tempo che solo il tartan pu\u00f2 dare. Questa parure sar\u00e0 l&#8217;elemento indispensabile nelle fredde serate invernali.<\/p>\n<p>Misure: singolo : 1 sacco copripiumino 155\u00d7200 cm + 1 federa 52\u00d782 cm &#8211; matrimoniale : 1 sacco copripiumino 255\u00d7200 cm + 2 federe 52\u00d782 cm<\/p>\n<p>Caratteristiche tecniche:<br \/>\nMateriale: 100% cotone<br \/>\nDesign: stampa digitale<br \/>\nLavaggio: Facilmente lavabile in lavatrice a 30 gradi (vista la particolare stampa, per i primi lavaggi il prodotto deve essere lavato a freddo al rovescio)<br \/>\nAsciugatrice si\/no: si<\/p>\n<p>&nbsp;<\/p>\n","protected":false},"excerpt":{"rendered":"<p>La Parure Copripiumino Boston \u00e8 realizzata in Puro Cotone naturale. Dal tocco fresco e morbido, la parure \u00e8 caratterizzata da una stampa tartan da un lato del sacco, l&#8217;altro lato presenta una stampa a quadri. Le federe anch&#8217;esse riprendono alla perfezione la particolarit\u00e0 del copripiumino presentando due fantasie diverse cos\u00ec da creare un&#8217;atmosfera pi\u00f9 chic [&hellip;]<\/p>\n","protected":false},"featured_media":920,"comment_status":"open","ping_status":"closed","template":"","meta":[],"product_cat":[63],"product_tag":[],"_links":{"self":[{"href":"https:\/\/ilmaggiolino.commercefree.eu\/index.php?rest_route=\/wp\/v2\/product\/918"}],"collection":[{"href":"https:\/\/ilmaggiolino.commercefree.eu\/index.php?rest_route=\/wp\/v2\/product"}],"about":[{"href":"https:\/\/ilmaggiolino.commercefree.eu\/index.php?rest_route=\/wp\/v2\/types\/product"}],"replies":[{"embeddable":true,"href":"https:\/\/ilmaggiolino.commercefree.eu\/index.php?rest_route=%2Fwp%2Fv2%2Fcomments&post=918"}],"wp:featuredmedia":[{"embeddable":true,"href":"https:\/\/ilmaggiolino.commercefree.eu\/index.php?rest_route=\/wp\/v2\/media\/920"}],"wp:attachment":[{"href":"https:\/\/ilmaggiolino.commercefree.eu\/index.php?rest_route=%2Fwp%2Fv2%2Fmedia&parent=918"}],"wp:term":[{"taxonomy":"product_cat","embeddable":true,"href":"https:\/\/ilmaggiolino.commercefree.eu\/index.php?rest_route=%2Fwp%2Fv2%2Fproduct_cat&post=918"},{"taxonomy":"product_tag","embeddable":true,"href":"https:\/\/ilmaggiolino.commercefree.eu\/index.php?rest_route=%2Fwp%2Fv2%2Fproduct_tag&post=918"}],"curies":[{"name":"wp","href":"https:\/\/api.w.org\/{rel}","templated":true}]}}