{"id":930,"date":"2023-06-27T15:17:24","date_gmt":"2023-06-27T13:17:24","guid":{"rendered":"https:\/\/ilmaggiolino.commercefree.eu\/?post_type=product&#038;p=930"},"modified":"2023-06-27T15:24:22","modified_gmt":"2023-06-27T13:24:22","slug":"completo-copripiumino-precious-rose","status":"publish","type":"product","link":"https:\/\/ilmaggiolino.commercefree.eu\/?product=completo-copripiumino-precious-rose","title":{"rendered":"Completo copripiumino Precious Rose"},"content":{"rendered":"<p>Completo copripiumino matrimoniale doubleface in percalle di cotone.<br \/>\nIl percalle di cotone \u00e8 realizzato con filati di cotone molto fine ma pi\u00f9 compatto e pettinato, per renderlo setoso al tatto.<br \/>\nIl sacco copripiumino Mirabello \u00e8 double face e pu\u00f2 essere utilizzato in inverno, ma anche in estate senza piumino come lenzuolo copriletto.<\/p>\n<p>Composizione:\u00a0100% cotone.<br \/>\nDimensione: sacco copripiumone 255&#215;205 cm, lenzuolo sotto con angoli 175&#215;205 cm, federe 50&#215;80 cm.<\/p>\n<p>&nbsp;<\/p>\n<p>&nbsp;<\/p>\n","protected":false},"excerpt":{"rendered":"<p>Completo copripiumino matrimoniale doubleface in percalle di cotone. Il percalle di cotone \u00e8 realizzato con filati di cotone molto fine ma pi\u00f9 compatto e pettinato, per renderlo setoso al tatto. Il sacco copripiumino Mirabello \u00e8 double face e pu\u00f2 essere utilizzato in inverno, ma anche in estate senza piumino come lenzuolo copriletto. Composizione:\u00a0100% cotone. Dimensione: [&hellip;]<\/p>\n","protected":false},"featured_media":813,"comment_status":"open","ping_status":"closed","template":"","meta":[],"product_cat":[61],"product_tag":[],"_links":{"self":[{"href":"https:\/\/ilmaggiolino.commercefree.eu\/index.php?rest_route=\/wp\/v2\/product\/930"}],"collection":[{"href":"https:\/\/ilmaggiolino.commercefree.eu\/index.php?rest_route=\/wp\/v2\/product"}],"about":[{"href":"https:\/\/ilmaggiolino.commercefree.eu\/index.php?rest_route=\/wp\/v2\/types\/product"}],"replies":[{"embeddable":true,"href":"https:\/\/ilmaggiolino.commercefree.eu\/index.php?rest_route=%2Fwp%2Fv2%2Fcomments&post=930"}],"wp:featuredmedia":[{"embeddable":true,"href":"https:\/\/ilmaggiolino.commercefree.eu\/index.php?rest_route=\/wp\/v2\/media\/813"}],"wp:attachment":[{"href":"https:\/\/ilmaggiolino.commercefree.eu\/index.php?rest_route=%2Fwp%2Fv2%2Fmedia&parent=930"}],"wp:term":[{"taxonomy":"product_cat","embeddable":true,"href":"https:\/\/ilmaggiolino.commercefree.eu\/index.php?rest_route=%2Fwp%2Fv2%2Fproduct_cat&post=930"},{"taxonomy":"product_tag","embeddable":true,"href":"https:\/\/ilmaggiolino.commercefree.eu\/index.php?rest_route=%2Fwp%2Fv2%2Fproduct_tag&post=930"}],"curies":[{"name":"wp","href":"https:\/\/api.w.org\/{rel}","templated":true}]}}