{"id":937,"date":"2023-06-27T16:03:46","date_gmt":"2023-06-27T14:03:46","guid":{"rendered":"https:\/\/ilmaggiolino.commercefree.eu\/?post_type=product&#038;p=937"},"modified":"2023-06-27T18:30:56","modified_gmt":"2023-06-27T16:30:56","slug":"completo-copripiumino-singolo-scozia","status":"publish","type":"product","link":"https:\/\/ilmaggiolino.commercefree.eu\/?product=completo-copripiumino-singolo-scozia","title":{"rendered":"Completo copripiumino Scozia"},"content":{"rendered":"<p>Completo copripiumino\u00a0 in percalle di cotone.<br \/>\nIl percalle di cotone \u00e8 realizzato con filati di cotone molto fine ma pi\u00f9 compatto e pettinato, per renderlo setoso al tatto.<br \/>\nIl sacco copripiumino Mirabello \u00e8 double face e pu\u00f2 essere utilizzato in inverno, ma anche in estate senza piumino come lenzuolo copriletto.<\/p>\n<p>Misure: singolo\u00a0 copripiumino 155&#215;255, sotto con angoli 90&#215;205,1 fodera 50&#215;80 &#8211; matrimoniale\u00a0copripiumino 255&#215;255,sotto con angoli 175&#215;205,2 federe 50&#215;80.<\/p>\n","protected":false},"excerpt":{"rendered":"<p>Completo copripiumino\u00a0 in percalle di cotone. Il percalle di cotone \u00e8 realizzato con filati di cotone molto fine ma pi\u00f9 compatto e pettinato, per renderlo setoso al tatto. Il sacco copripiumino Mirabello \u00e8 double face e pu\u00f2 essere utilizzato in inverno, ma anche in estate senza piumino come lenzuolo copriletto. Misure: singolo\u00a0 copripiumino 155&#215;255, sotto [&hellip;]<\/p>\n","protected":false},"featured_media":913,"comment_status":"open","ping_status":"closed","template":"","meta":[],"product_cat":[61],"product_tag":[],"_links":{"self":[{"href":"https:\/\/ilmaggiolino.commercefree.eu\/index.php?rest_route=\/wp\/v2\/product\/937"}],"collection":[{"href":"https:\/\/ilmaggiolino.commercefree.eu\/index.php?rest_route=\/wp\/v2\/product"}],"about":[{"href":"https:\/\/ilmaggiolino.commercefree.eu\/index.php?rest_route=\/wp\/v2\/types\/product"}],"replies":[{"embeddable":true,"href":"https:\/\/ilmaggiolino.commercefree.eu\/index.php?rest_route=%2Fwp%2Fv2%2Fcomments&post=937"}],"wp:featuredmedia":[{"embeddable":true,"href":"https:\/\/ilmaggiolino.commercefree.eu\/index.php?rest_route=\/wp\/v2\/media\/913"}],"wp:attachment":[{"href":"https:\/\/ilmaggiolino.commercefree.eu\/index.php?rest_route=%2Fwp%2Fv2%2Fmedia&parent=937"}],"wp:term":[{"taxonomy":"product_cat","embeddable":true,"href":"https:\/\/ilmaggiolino.commercefree.eu\/index.php?rest_route=%2Fwp%2Fv2%2Fproduct_cat&post=937"},{"taxonomy":"product_tag","embeddable":true,"href":"https:\/\/ilmaggiolino.commercefree.eu\/index.php?rest_route=%2Fwp%2Fv2%2Fproduct_tag&post=937"}],"curies":[{"name":"wp","href":"https:\/\/api.w.org\/{rel}","templated":true}]}}