{"id":945,"date":"2023-06-27T16:47:03","date_gmt":"2023-06-27T14:47:03","guid":{"rendered":"https:\/\/ilmaggiolino.commercefree.eu\/?post_type=product&#038;p=945"},"modified":"2023-06-27T17:03:55","modified_gmt":"2023-06-27T15:03:55","slug":"completo-letto-matrimoniale-new-paisley","status":"publish","type":"product","link":"https:\/\/ilmaggiolino.commercefree.eu\/?product=completo-letto-matrimoniale-new-paisley","title":{"rendered":"Completo letto matrimoniale New Paisley"},"content":{"rendered":"<p>La morbidezza vi conquister\u00e0 immediatamente, una coccola in pi\u00f9 per le vostre notti.<\/p>\n<p>il set \u00e8 composto da:<\/p>\n<p>\u2013 Lenzuolo piano per sopra\u00a0250 x290 cm<\/p>\n<p>\u2013 Lenzuolo sotto con angoli 175\u00d7205<\/p>\n<p>\u2013 2 federe 50\u00d780 cm<\/p>\n<p>Raso satin di puro cotone 100% lavabile in lavatrice<\/p>\n<p>Istruzioni lavaggio:<\/p>\n<p>Lavabile A 40\u00b0<\/p>\n<p>Stirabile<\/p>\n<p>Non candeggiabile<\/p>\n<p>Non lavabile a secco<\/p>\n<p>Non usare asciugatrice<\/p>\n","protected":false},"excerpt":{"rendered":"<p>La morbidezza vi conquister\u00e0 immediatamente, una coccola in pi\u00f9 per le vostre notti. il set \u00e8 composto da: \u2013 Lenzuolo piano per sopra\u00a0250 x290 cm \u2013 Lenzuolo sotto con angoli 175\u00d7205 \u2013 2 federe 50\u00d780 cm Raso satin di puro cotone 100% lavabile in lavatrice Istruzioni lavaggio: Lavabile A 40\u00b0 Stirabile Non candeggiabile Non lavabile [&hellip;]<\/p>\n","protected":false},"featured_media":947,"comment_status":"open","ping_status":"closed","template":"","meta":[],"product_cat":[65],"product_tag":[],"_links":{"self":[{"href":"https:\/\/ilmaggiolino.commercefree.eu\/index.php?rest_route=\/wp\/v2\/product\/945"}],"collection":[{"href":"https:\/\/ilmaggiolino.commercefree.eu\/index.php?rest_route=\/wp\/v2\/product"}],"about":[{"href":"https:\/\/ilmaggiolino.commercefree.eu\/index.php?rest_route=\/wp\/v2\/types\/product"}],"replies":[{"embeddable":true,"href":"https:\/\/ilmaggiolino.commercefree.eu\/index.php?rest_route=%2Fwp%2Fv2%2Fcomments&post=945"}],"wp:featuredmedia":[{"embeddable":true,"href":"https:\/\/ilmaggiolino.commercefree.eu\/index.php?rest_route=\/wp\/v2\/media\/947"}],"wp:attachment":[{"href":"https:\/\/ilmaggiolino.commercefree.eu\/index.php?rest_route=%2Fwp%2Fv2%2Fmedia&parent=945"}],"wp:term":[{"taxonomy":"product_cat","embeddable":true,"href":"https:\/\/ilmaggiolino.commercefree.eu\/index.php?rest_route=%2Fwp%2Fv2%2Fproduct_cat&post=945"},{"taxonomy":"product_tag","embeddable":true,"href":"https:\/\/ilmaggiolino.commercefree.eu\/index.php?rest_route=%2Fwp%2Fv2%2Fproduct_tag&post=945"}],"curies":[{"name":"wp","href":"https:\/\/api.w.org\/{rel}","templated":true}]}}